{"id":10,"date":"2018-09-25T19:37:03","date_gmt":"2018-09-26T01:37:03","guid":{"rendered":"http:\/\/omniprom.com\/?page_id=10"},"modified":"2024-10-30T17:14:34","modified_gmt":"2024-10-30T23:14:34","slug":"servicios-comerciales","status":"publish","type":"page","link":"https:\/\/omniprom.com\/index.php\/servicios-comerciales\/","title":{"rendered":"SERVICIOS COMERCIALES"},"content":{"rendered":"<p>[vc_row][vc_column css_animation=&#8221;fadeInLeftBig&#8221;][vc_column_text]<h6 class=\"\"><strong>SERVICIOS COMERCIALES<\/strong><\/h6>[\/vc_column_text][\/vc_column][\/vc_row][vc_row][vc_column css_animation=&#8221;fadeInLeftBig&#8221; width=&#8221;1\/2&#8243;][vc_separator color=&#8221;white&#8221; css=&#8221;.vc_custom_1542689418954{margin-top: 40px !important;margin-bottom: 40px !important;}&#8221;][vc_column_text]<strong>Nuestra fuerza de ventas tiene gran experiencia y dedicaci\u00f3n exclusiva y est\u00e1 compuesta de jefes de zona y vendedores que cubren directamente las principales cadenas de librer\u00edas y ciudades.<\/strong> Cubrimos m\u00e1s de 400 puntos de venta incluidos centros multiproducto como grandes superficies, tiendas de aeropuerto, local cerrado, quioscos y peque\u00f1as librer\u00edas en toda la Rep\u00fablica.[\/vc_column_text][\/vc_column][vc_column css_animation=&#8221;fadeInRightBig&#8221; width=&#8221;1\/2&#8243;][vc_separator color=&#8221;white&#8221; css=&#8221;.vc_custom_1542689418954{margin-top: 40px !important;margin-bottom: 40px !important;}&#8221;][vc_column_text]El servicio habitual incluye env\u00edo o subida a la base de datos de la librer\u00eda de la novedad, presentaci\u00f3n f\u00edsica, obtenci\u00f3n del pedido en central o sucursal, comprobaci\u00f3n de las existencias y cortes de venta, seguimiento del pedido, del env\u00edo, de la facturaci\u00f3n y del cobro. T<strong>ambi\u00e9n incluye la negociaci\u00f3n de promociones por cadena o nacionales y el acomodo de mercanc\u00eda (merchandising) en los puntos de venta que se visitan.<\/strong>[\/vc_column_text][\/vc_column][\/vc_row][vc_row][vc_column][vc_column_text]<div class=\"br-bottom mb30 mt30 \"><\/div>[\/vc_column_text][\/vc_column][\/vc_row][vc_row][vc_column css_animation=&#8221;fadeInDownBig&#8221;][vc_separator color=&#8221;white&#8221; css=&#8221;.vc_custom_1542689701877{margin-top: 40px !important;margin-bottom: 40px !important;}&#8221;][vc_images_carousel images=&#8221;138,135,137,136,140,139&#8243; img_size=&#8221;full&#8221; onclick=&#8221;link_no&#8221; slides_per_view=&#8221;4&#8243; autoplay=&#8221;yes&#8221; hide_pagination_control=&#8221;yes&#8221; title=&#8221;NUESTROS PRINCIPALES CLIENTES: LIBRERIAS&#8221;][\/vc_column][\/vc_row][vc_row][vc_column][vc_column_text]<div class=\"br-bottom mb30 mt30 \"><\/div>[\/vc_column_text][vc_column_text][\/vc_column_text][vc_images_carousel images=&#8221;218,220,426,554&#8243; img_size=&#8221;full&#8221; onclick=&#8221;link_no&#8221; slides_per_view=&#8221;4&#8243; autoplay=&#8221;yes&#8221; hide_pagination_control=&#8221;yes&#8221; title=&#8221;NUESTROS PRINCIPALES CLIENTES EDITORES&#8221;][\/vc_column][\/vc_row]<\/p>\n","protected":false},"excerpt":{"rendered":"<p>[vc_row][vc_column css_animation=&#8221;fadeInLeftBig&#8221;][vc_column_text][\/vc_column_text][\/vc_column][\/vc_row][vc_row][vc_column css_animation=&#8221;fadeInLeftBig&#8221; width=&#8221;1\/2&#8243;][vc_separator color=&#8221;white&#8221; css=&#8221;.vc_custom_1542689418954{margin-top: 40px !important;margin-bottom: 40px !important;}&#8221;][vc_column_text]Nuestra fuerza de ventas tiene gran experiencia y dedicaci\u00f3n exclusiva y est\u00e1 compuesta de jefes de zona y vendedores que cubren <a href='https:\/\/omniprom.com\/index.php\/servicios-comerciales\/' class='excerpt-r-more' title='read more!'>&#8230;<\/a><\/p>\n","protected":false},"author":1,"featured_media":0,"parent":0,"menu_order":0,"comment_status":"closed","ping_status":"closed","template":"","meta":{"footnotes":""},"class_list":["post-10","page","type-page","status-publish","hentry"],"jetpack_sharing_enabled":true,"_links":{"self":[{"href":"https:\/\/omniprom.com\/index.php\/wp-json\/wp\/v2\/pages\/10","targetHints":{"allow":["GET"]}}],"collection":[{"href":"https:\/\/omniprom.com\/index.php\/wp-json\/wp\/v2\/pages"}],"about":[{"href":"https:\/\/omniprom.com\/index.php\/wp-json\/wp\/v2\/types\/page"}],"author":[{"embeddable":true,"href":"https:\/\/omniprom.com\/index.php\/wp-json\/wp\/v2\/users\/1"}],"replies":[{"embeddable":true,"href":"https:\/\/omniprom.com\/index.php\/wp-json\/wp\/v2\/comments?post=10"}],"version-history":[{"count":23,"href":"https:\/\/omniprom.com\/index.php\/wp-json\/wp\/v2\/pages\/10\/revisions"}],"predecessor-version":[{"id":612,"href":"https:\/\/omniprom.com\/index.php\/wp-json\/wp\/v2\/pages\/10\/revisions\/612"}],"wp:attachment":[{"href":"https:\/\/omniprom.com\/index.php\/wp-json\/wp\/v2\/media?parent=10"}],"curies":[{"name":"wp","href":"https:\/\/api.w.org\/{rel}","templated":true}]}}