{"id":12,"date":"2018-09-25T19:37:51","date_gmt":"2018-09-26T01:37:51","guid":{"rendered":"http:\/\/omniprom.com\/?page_id=12"},"modified":"2021-04-18T20:14:53","modified_gmt":"2021-04-19T02:14:53","slug":"servicios-logisticos","status":"publish","type":"page","link":"https:\/\/omniprom.com\/index.php\/servicios-logisticos\/","title":{"rendered":"SERVICIOS LOGISTICOS"},"content":{"rendered":"<p>[vc_row][vc_column css_animation=&#8221;fadeInDownBig&#8221;]<h6 class=\"\"><strong>SERVICIOS LOG\u00cdSTICOS<\/strong><\/h6>[\/vc_column][\/vc_row][vc_row][vc_column css_animation=&#8221;fadeInDownBig&#8221; width=&#8221;1\/2&#8243; css=&#8221;.vc_custom_1542688841285{margin-right: 30px !important;}&#8221;][vc_separator color=&#8221;white&#8221; css=&#8221;.vc_custom_1542686833762{margin-top: 20px !important;margin-bottom: 20px !important;}&#8221;][vc_separator color=&#8221;white&#8221; css=&#8221;.vc_custom_1542686833762{margin-top: 20px !important;margin-bottom: 20px !important;}&#8221;]<div class=\"flv_service_icon  \"> <div class=\"box-services-2\">\n                            <div class=\"box-left\"><i class=\"icon icon-3 arrow_down\" ><\/i><\/div>\n                            <div class=\"box-right\">\n                                <h3 class=\"title-small\"> Recepci\u00f3n en bodega<\/h3>\n                                <p><\/p>\n                                <div class=\"br-bottom\"><\/div>\n                            <\/div>\n                        <\/div><\/div>[vc_separator color=&#8221;white&#8221; css=&#8221;.vc_custom_1542686833762{margin-top: 20px !important;margin-bottom: 20px !important;}&#8221;][vc_column_text]<\/p>\n<p style=\"text-align: center;\"><strong>Descarga de contenedores o unidades de transporte, registro perpetuo en el sistema con consulta v\u00eda Internet, inspecci\u00f3n de calidad aleatoria, reportes de diferencias en calidad o cantidad contra el documento de entrega del proveedor y acomodo dentro del almac\u00e9n.<\/strong> No incluye: procesos de acabado del libro (limpieza, etiquetado, enfajillado, encarte, retractilado, armado de promociones, etc. dado que cada acci\u00f3n se cotizar\u00e1 seg\u00fan las necesidades.<\/p>\n<p>[\/vc_column_text][\/vc_column][vc_column css_animation=&#8221;fadeInDownBig&#8221; width=&#8221;1\/2&#8243; css=&#8221;.vc_custom_1542688848542{margin-right: 30px !important;}&#8221;][vc_separator color=&#8221;white&#8221; css=&#8221;.vc_custom_1542686833762{margin-top: 20px !important;margin-bottom: 20px !important;}&#8221;][vc_separator color=&#8221;white&#8221; css=&#8221;.vc_custom_1542686833762{margin-top: 20px !important;margin-bottom: 20px !important;}&#8221;]<div class=\"flv_service_icon  \"> <div class=\"box-services-2\">\n                            <div class=\"box-left\"><i class=\"icon icon-3 icon_box-empty\" ><\/i><\/div>\n                            <div class=\"box-right\">\n                                <h3 class=\"title-small\">Almacenaje<\/h3>\n                                <p><\/p>\n                                <div class=\"br-bottom\"><\/div>\n                            <\/div>\n                        <\/div><\/div>[vc_separator color=&#8221;white&#8221; css=&#8221;.vc_custom_1542686833762{margin-top: 20px !important;margin-bottom: 20px !important;}&#8221;][vc_column_text]<\/p>\n<p style=\"text-align: center;\"><strong>Resguardo de la mercanc\u00eda en nuestras bodegas e inspecciones c\u00edclicas de existencias.<\/strong> No incluye: seguro contra robo o da\u00f1o de la mercanc\u00eda salvo que se contrate expresamente.<\/p>\n<p>[\/vc_column_text][\/vc_column][\/vc_row][vc_row][vc_column css_animation=&#8221;fadeInDownBig&#8221; width=&#8221;1\/2&#8243; css=&#8221;.vc_custom_1542688774648{padding-right: 10px !important;}&#8221;][vc_separator color=&#8221;white&#8221; css=&#8221;.vc_custom_1542686833762{margin-top: 20px !important;margin-bottom: 20px !important;}&#8221;][vc_separator color=&#8221;white&#8221; css=&#8221;.vc_custom_1542686833762{margin-top: 20px !important;margin-bottom: 20px !important;}&#8221;]<div class=\"flv_service_icon  \"> <div class=\"box-services-2\">\n                            <div class=\"box-left\"><i class=\"icon icon-3 icon_check\" ><\/i><\/div>\n                            <div class=\"box-right\">\n                                <h3 class=\"title-small\">Surtido de pedidos<\/h3>\n                                <p><\/p>\n                                <div class=\"br-bottom\"><\/div>\n                            <\/div>\n                        <\/div><\/div>[vc_separator color=&#8221;white&#8221; css=&#8221;.vc_custom_1542686833762{margin-top: 20px !important;margin-bottom: 20px !important;}&#8221;][vc_column_text]<\/p>\n<p style=\"text-align: center;\"><strong>Preparaci\u00f3n de pedidos seg\u00fan \u00f3rdenes recibidas.<\/strong>&nbsp;Por correo electr\u00f3nico, fax o cualquier otro medio impreso o electr\u00f3nico, materiales de empaque y embarque de pedidos.<\/p>\n<p>[\/vc_column_text][\/vc_column][vc_column css_animation=&#8221;fadeInDownBig&#8221; width=&#8221;1\/2&#8243; css=&#8221;.vc_custom_1542688769510{margin-right: 10px !important;}&#8221;][vc_separator color=&#8221;white&#8221; css=&#8221;.vc_custom_1542686833762{margin-top: 20px !important;margin-bottom: 20px !important;}&#8221;][vc_separator color=&#8221;white&#8221; css=&#8221;.vc_custom_1542686833762{margin-top: 20px !important;margin-bottom: 20px !important;}&#8221;]<div class=\"flv_service_icon  \"> <div class=\"box-services-2\">\n                            <div class=\"box-left\"><i class=\"icon icon-3 arrow_right\" ><\/i><\/div>\n                            <div class=\"box-right\">\n                                <h3 class=\"title-small\">Entrega de pedidos<\/h3>\n                                <p><\/p>\n                                <div class=\"br-bottom\"><\/div>\n                            <\/div>\n                        <\/div><\/div>[vc_separator color=&#8221;white&#8221; css=&#8221;.vc_custom_1542686833762{margin-top: 20px !important;margin-bottom: 20px !important;}&#8221;][vc_column_text]<\/p>\n<p style=\"text-align: center;\"><strong>Entrega a detalle cuando \u00e9sta se realice al cliente final, acuse de recibo adecuado para ejercer la cobranza cuando el pedido se entregue al cliente final, acuse de recibo simple cuando el pedido se entregue a un intermediario, entrega de acuses una vez por semana en las oficinas administrativas del cliente, seguimiento v\u00eda internet de los pedidos.<\/strong> No incluye: seguro contra robo o siniestro en el transporte salvo que se contrate expresamente.<\/p>\n<p>[\/vc_column_text][\/vc_column][\/vc_row][vc_row][vc_column css_animation=&#8221;fadeInDownBig&#8221; width=&#8221;1\/2&#8243;][vc_separator color=&#8221;white&#8221; css=&#8221;.vc_custom_1542686833762{margin-top: 20px !important;margin-bottom: 20px !important;}&#8221;][vc_separator color=&#8221;white&#8221; css=&#8221;.vc_custom_1542686833762{margin-top: 20px !important;margin-bottom: 20px !important;}&#8221;]<div class=\"flv_service_icon  \"> <div class=\"box-services-2\">\n                            <div class=\"box-left\"><i class=\"icon icon-3 arrow_left\" ><\/i><\/div>\n                            <div class=\"box-right\">\n                                <h3 class=\"title-small\">Recolecci\u00f3n de devoluci\u00f3n<\/h3>\n                                <p><\/p>\n                                <div class=\"br-bottom\"><\/div>\n                            <\/div>\n                        <\/div><\/div>[vc_separator color=&#8221;white&#8221; css=&#8221;.vc_custom_1542686833762{margin-top: 20px !important;margin-bottom: 20px !important;}&#8221;][vc_column_text]<\/p>\n<p style=\"text-align: center;\"><strong>Programaci\u00f3n de recolecciones seg\u00fan \u00f3rdenes recibidas por correo electr\u00f3nico, fax o cualquier otro medio impreso o electr\u00f3nico pero s\u00f3lo para ciertas \u00e1reas de la Rep\u00fablica incluido el DF, recolecci\u00f3n de devoluciones for\u00e1neas en centros de transportes en el DF o recepci\u00f3n directa en nuestras instalaciones.<\/strong><br \/>\nEn cualquier caso: reporte de diferencias de lo recibido contra lo acreditado por el cliente, acuse de recolecci\u00f3n adecuado para ejercer la cobranza cuando el pedido se recoja al cliente final, acuse de recibo simple cuando el pedido se recoja a un intermediario, entrega de acuses una vez por semana en las oficinas administrativas del cliente y seguimiento v\u00eda internet de las recolecciones. No incluye el seguro contra robo o siniestro en el transporte salvo que se contrate expresamente.<\/p>\n<p>[\/vc_column_text][\/vc_column][vc_column css_animation=&#8221;fadeInDownBig&#8221; width=&#8221;1\/2&#8243;][vc_separator color=&#8221;white&#8221; css=&#8221;.vc_custom_1542686833762{margin-top: 20px !important;margin-bottom: 20px !important;}&#8221;][vc_separator color=&#8221;white&#8221; css=&#8221;.vc_custom_1542686833762{margin-top: 20px !important;margin-bottom: 20px !important;}&#8221;]<div class=\"flv_service_icon  \"> <div class=\"box-services-2\">\n                            <div class=\"box-left\"><i class=\"icon icon-3 icon_book\" ><\/i><\/div>\n                            <div class=\"box-right\">\n                                <h3 class=\"title-small\">Proceso de libros devueltos<\/h3>\n                                <p><\/p>\n                                <div class=\"br-bottom\"><\/div>\n                            <\/div>\n                        <\/div><\/div>[vc_separator color=&#8221;white&#8221; css=&#8221;.vc_custom_1542686833762{margin-top: 20px !important;margin-bottom: 20px !important;}&#8221;][vc_column_text]<\/p>\n<p style=\"text-align: center;\"><strong>Generaci\u00f3n de informaci\u00f3n para notas de cr\u00e9dito o remisiones de cr\u00e9dito, reacondicionado de libros, selecci\u00f3n por t\u00edtulo y clasificaci\u00f3n en disponible, seminuevo (ligeramente deteriorado pero vendible en oferta) o a destruir en donde se mantendr\u00e1 a disposici\u00f3n del editor; e incorporaci\u00f3n a su lugar en el almac\u00e9n.<\/strong> No incluye el seguro contra robo o siniestro en el transporte y el retractilado o etiquetado de libros salvo que se contraten expresamente.<\/p>\n<p>[\/vc_column_text][\/vc_column][\/vc_row][vc_row][vc_column css_animation=&#8221;fadeInDownBig&#8221; width=&#8221;1\/2&#8243;][vc_separator color=&#8221;white&#8221; css=&#8221;.vc_custom_1542686833762{margin-top: 20px !important;margin-bottom: 20px !important;}&#8221;][vc_separator color=&#8221;white&#8221; css=&#8221;.vc_custom_1542686833762{margin-top: 20px !important;margin-bottom: 20px !important;}&#8221;]<div class=\"flv_service_icon  \"> <div class=\"box-services-2\">\n                            <div class=\"box-left\"><i class=\"icon icon-3 icon_calulator\" ><\/i><\/div>\n                            <div class=\"box-right\">\n                                <h3 class=\"title-small\">Facturaci\u00f3n por documento<\/h3>\n                                <p><\/p>\n                                <div class=\"br-bottom\"><\/div>\n                            <\/div>\n                        <\/div><\/div>[vc_separator color=&#8221;white&#8221; css=&#8221;.vc_custom_1542686833762{margin-top: 20px !important;margin-bottom: 20px !important;}&#8221;][vc_column_text]<\/p>\n<p style=\"text-align: center;\"><strong>Generaci\u00f3n de facturas o remisiones y entrega de<\/strong><br \/>\n<strong>consecutivos fiscales y archivos electr\u00f3nicos en las oficinas del cliente una vez por semana.<\/strong> No incluye<br \/>\nelaboraci\u00f3n de p\u00f3lizas de contabilidad.<\/p>\n<p>[\/vc_column_text][\/vc_column][vc_column css_animation=&#8221;fadeInDownBig&#8221; width=&#8221;1\/2&#8243;][vc_separator color=&#8221;white&#8221; css=&#8221;.vc_custom_1542686833762{margin-top: 20px !important;margin-bottom: 20px !important;}&#8221;][vc_separator color=&#8221;white&#8221; css=&#8221;.vc_custom_1542686833762{margin-top: 20px !important;margin-bottom: 20px !important;}&#8221;]<div class=\"flv_service_icon  \"> <div class=\"box-services-2\">\n                            <div class=\"box-left\"><i class=\"icon icon-3 icon_like\" ><\/i><\/div>\n                            <div class=\"box-right\">\n                                <h3 class=\"title-small\">Otros servicios<\/h3>\n                                <p><\/p>\n                                <div class=\"br-bottom\"><\/div>\n                            <\/div>\n                        <\/div><\/div>[vc_separator color=&#8221;white&#8221; css=&#8221;.vc_custom_1542686833762{margin-top: 20px !important;margin-bottom: 20px !important;}&#8221;][vc_column_text]<\/p>\n<ul>\n<li>Tramites de importaci\u00f3n<\/li>\n<li>Recepci\u00f3n y verificaci\u00f3n de mercancia<\/li>\n<li>Almacenaje<\/li>\n<li>Suministro<\/li>\n<li>Entregas a detalle<\/li>\n<li>Recepci\u00f3n verificaci\u00f3n y limpieza de devoluciones de clientes<\/li>\n<li>Etiquetado<\/li>\n<li>Retractilado<\/li>\n<li>Manipulaci\u00f3n<\/li>\n<\/ul>\n<p>[\/vc_column_text][\/vc_column][\/vc_row]<\/p>\n","protected":false},"excerpt":{"rendered":"<p>[vc_row][vc_column css_animation=&#8221;fadeInDownBig&#8221;][\/vc_column][\/vc_row][vc_row][vc_column css_animation=&#8221;fadeInDownBig&#8221; width=&#8221;1\/2&#8243; css=&#8221;.vc_custom_1542688841285{margin-right: 30px !important;}&#8221;][vc_separator color=&#8221;white&#8221; css=&#8221;.vc_custom_1542686833762{margin-top: 20px !important;margin-bottom: 20px !important;}&#8221;][vc_separator color=&#8221;white&#8221; css=&#8221;.vc_custom_1542686833762{margin-top: 20px !important;margin-bottom: 20px !important;}&#8221;][vc_separator color=&#8221;white&#8221; css=&#8221;.vc_custom_1542686833762{margin-top: 20px !important;margin-bottom: 20px !important;}&#8221;][vc_column_text] Descarga de contenedores o unidades <a href='https:\/\/omniprom.com\/index.php\/servicios-logisticos\/' class='excerpt-r-more' title='read more!'>&#8230;<\/a><\/p>\n","protected":false},"author":1,"featured_media":0,"parent":0,"menu_order":0,"comment_status":"closed","ping_status":"closed","template":"","meta":{"footnotes":""},"class_list":["post-12","page","type-page","status-publish","hentry"],"jetpack_sharing_enabled":true,"_links":{"self":[{"href":"https:\/\/omniprom.com\/index.php\/wp-json\/wp\/v2\/pages\/12","targetHints":{"allow":["GET"]}}],"collection":[{"href":"https:\/\/omniprom.com\/index.php\/wp-json\/wp\/v2\/pages"}],"about":[{"href":"https:\/\/omniprom.com\/index.php\/wp-json\/wp\/v2\/types\/page"}],"author":[{"embeddable":true,"href":"https:\/\/omniprom.com\/index.php\/wp-json\/wp\/v2\/users\/1"}],"replies":[{"embeddable":true,"href":"https:\/\/omniprom.com\/index.php\/wp-json\/wp\/v2\/comments?post=12"}],"version-history":[{"count":48,"href":"https:\/\/omniprom.com\/index.php\/wp-json\/wp\/v2\/pages\/12\/revisions"}],"predecessor-version":[{"id":567,"href":"https:\/\/omniprom.com\/index.php\/wp-json\/wp\/v2\/pages\/12\/revisions\/567"}],"wp:attachment":[{"href":"https:\/\/omniprom.com\/index.php\/wp-json\/wp\/v2\/media?parent=12"}],"curies":[{"name":"wp","href":"https:\/\/api.w.org\/{rel}","templated":true}]}}