{"id":8,"date":"2018-09-25T19:35:55","date_gmt":"2018-09-26T01:35:55","guid":{"rendered":"http:\/\/omniprom.com\/?page_id=8"},"modified":"2024-10-18T19:28:12","modified_gmt":"2024-10-19T01:28:12","slug":"sobre-nosotros","status":"publish","type":"page","link":"https:\/\/omniprom.com\/index.php\/sobre-nosotros\/","title":{"rendered":"SOBRE NOSOTROS"},"content":{"rendered":"[vc_row][vc_column css_animation=&#8221;fadeInLeftBig&#8221;][vc_separator color=&#8221;white&#8221; css=&#8221;.vc_custom_1542689153828{margin-top: 40px !important;margin-bottom: 40px !important;}&#8221;][\/vc_column][\/vc_row][vc_row][vc_column css_animation=&#8221;fadeInLeftBig&#8221; width=&#8221;1\/2&#8243;][vc_single_image image=&#8221;124&#8243; img_size=&#8221;large&#8221; alignment=&#8221;center&#8221; style=&#8221;vc_box_shadow_border_circle_2&#8243; css_animation=&#8221;bounceInLeft&#8221;][\/vc_column][vc_column css_animation=&#8221;fadeInRightBig&#8221; width=&#8221;1\/2&#8243;][vc_column_text css_animation=&#8221;bounceInRight&#8221;]<strong>Somos un operador editorial enfocado hacia la promoci\u00f3n integral del libro en M\u00e9xico.<\/strong><\/p>\n<p>La compa\u00f1\u00eda fundada en 2007 fue creada por\u00a0 editoriales, librer\u00edas y operadores log\u00edsticos con amplia experiencia en M\u00e9xico y en Espa\u00f1a que han visto un gran potencial de desarrollo en el pa\u00eds y en la mejora de la eficiencia en el canal editorial. Esta mejora de la productividad reducir\u00e1 los costes y permitir\u00e1 lograr unos precios al p\u00fablico m\u00e1s competitivos y generar recursos para promocionar los libros a los lectores y as\u00ed aumentar la demanda que reciben las librer\u00edas.<\/p>\n<p>[\/vc_column_text][\/vc_column][\/vc_row][vc_row][vc_column css_animation=&#8221;fadeInDownBig&#8221; width=&#8221;1\/2&#8243;][vc_column_text css_animation=&#8221;fadeInLeftBig&#8221;]Tenemos tres diferencias importantes con respecto a muchos de nuestros competidores:<\/p>\n<ul>\n<li><strong>Damos un servicio integral<\/strong> y nos responsabilizamos de coordinar a proveedores externos de forma que cada actor del sector decide que parte de la cadena desarrolla por s\u00ed mismo y en que parte cuenta con nosotros.<\/li>\n<li><strong>Cada servicio tiene un coste conocido de antemano<\/strong> que mejora el precio de mercado, en todos los casos con econom\u00edas de escala con respecto a la contrataci\u00f3n directa con el mismo proveedor.<\/li>\n<li><strong>Proporcionamos a cada editor informaci\u00f3n fidedigna y en tiempo real<\/strong> por la intranet corporativa\u00a0 del posicionamiento y movimientos de su fondo con desglose por t\u00edtulo y cliente.<\/li>\n<\/ul>\n<p>[\/vc_column_text][\/vc_column][vc_column width=&#8221;1\/2&#8243;][vc_single_image image=&#8221;123&#8243; img_size=&#8221;large&#8221; alignment=&#8221;center&#8221; style=&#8221;vc_box_shadow_border_circle_2&#8243; css_animation=&#8221;bounceInLeft&#8221;][\/vc_column][\/vc_row][vc_row][vc_column][vc_column_text css_animation=&#8221;fadeInRightBig&#8221;]Con todo ello se consigue que cada actor tenga muchas m\u00e1s variables con las que competir en el mercado, adaptarse a las oportunidades y demandas que detecte y diferenciarse de su competencia. Con una adecuada combinaci\u00f3n de servicios se pueden bajar los costes reales y los precios al p\u00fablico y lograr mayores ventas.[\/vc_column_text][\/vc_column][\/vc_row][vc_row][vc_column][vc_column_text]<\/p>\n\n\n<p><\/p>\n[\/vc_column_text][\/vc_column][\/vc_row]","protected":false},"excerpt":{"rendered":"<p>[vc_row][vc_column css_animation=&#8221;fadeInLeftBig&#8221;][vc_separator color=&#8221;white&#8221; css=&#8221;.vc_custom_1542689153828{margin-top: 40px !important;margin-bottom: 40px !important;}&#8221;][\/vc_column][\/vc_row][vc_row][vc_column css_animation=&#8221;fadeInLeftBig&#8221; width=&#8221;1\/2&#8243;][vc_single_image image=&#8221;124&#8243; img_size=&#8221;large&#8221; alignment=&#8221;center&#8221; style=&#8221;vc_box_shadow_border_circle_2&#8243; css_animation=&#8221;bounceInLeft&#8221;][\/vc_column][vc_column css_animation=&#8221;fadeInRightBig&#8221; width=&#8221;1\/2&#8243;][vc_column_text css_animation=&#8221;bounceInRight&#8221;]Somos un operador editorial enfocado hacia la promoci\u00f3n integral del libro en M\u00e9xico. <a href='https:\/\/omniprom.com\/index.php\/sobre-nosotros\/' class='excerpt-r-more' title='read more!'>&#8230;<\/a><\/p>\n","protected":false},"author":1,"featured_media":0,"parent":0,"menu_order":0,"comment_status":"closed","ping_status":"closed","template":"","meta":{"footnotes":""},"class_list":["post-8","page","type-page","status-publish","hentry"],"jetpack_sharing_enabled":true,"_links":{"self":[{"href":"https:\/\/omniprom.com\/index.php\/wp-json\/wp\/v2\/pages\/8","targetHints":{"allow":["GET"]}}],"collection":[{"href":"https:\/\/omniprom.com\/index.php\/wp-json\/wp\/v2\/pages"}],"about":[{"href":"https:\/\/omniprom.com\/index.php\/wp-json\/wp\/v2\/types\/page"}],"author":[{"embeddable":true,"href":"https:\/\/omniprom.com\/index.php\/wp-json\/wp\/v2\/users\/1"}],"replies":[{"embeddable":true,"href":"https:\/\/omniprom.com\/index.php\/wp-json\/wp\/v2\/comments?post=8"}],"version-history":[{"count":34,"href":"https:\/\/omniprom.com\/index.php\/wp-json\/wp\/v2\/pages\/8\/revisions"}],"predecessor-version":[{"id":585,"href":"https:\/\/omniprom.com\/index.php\/wp-json\/wp\/v2\/pages\/8\/revisions\/585"}],"wp:attachment":[{"href":"https:\/\/omniprom.com\/index.php\/wp-json\/wp\/v2\/media?parent=8"}],"curies":[{"name":"wp","href":"https:\/\/api.w.org\/{rel}","templated":true}]}}